{"id":8,"date":"2025-09-03T18:39:44","date_gmt":"2025-09-03T16:39:44","guid":{"rendered":"https:\/\/cezam.com.pl\/?page_id=8"},"modified":"2025-09-03T21:45:29","modified_gmt":"2025-09-03T19:45:29","slug":"cezam-sp-z-o-o","status":"publish","type":"page","link":"https:\/\/cezam.com.pl\/","title":{"rendered":"Firma Cezam"},"content":{"rendered":"\n<p>od ponad 30 lat.<\/p>\n\n\n\n<p><\/p>\n\n\n\n<div class=\"wp-block-group alignfull is-style-section-1 has-global-padding is-layout-constrained wp-block-group-is-layout-constrained is-style-section-1--1\" style=\"margin-top:0;margin-bottom:0;padding-top:var(--wp--preset--spacing--80);padding-bottom:var(--wp--preset--spacing--80)\">\n<div class=\"wp-block-columns alignwide is-layout-flex wp-container-core-columns-is-layout-66fad18a wp-block-columns-is-layout-flex\">\n<div class=\"wp-block-column is-layout-flow wp-block-column-is-layout-flow\" style=\"padding-right:var(--wp--preset--spacing--50);flex-basis:45%\">\n<figure class=\"wp-block-image size-full\"><img loading=\"lazy\" decoding=\"async\" width=\"1024\" height=\"1024\" src=\"https:\/\/cezam.com.pl\/wp-content\/uploads\/2025\/09\/ChatGPT-Image-Sep-3-2025-06_07_54-PM.png\" alt=\"\" class=\"wp-image-10\" srcset=\"https:\/\/cezam.com.pl\/wp-content\/uploads\/2025\/09\/ChatGPT-Image-Sep-3-2025-06_07_54-PM.png 1024w, https:\/\/cezam.com.pl\/wp-content\/uploads\/2025\/09\/ChatGPT-Image-Sep-3-2025-06_07_54-PM-300x300.png 300w, https:\/\/cezam.com.pl\/wp-content\/uploads\/2025\/09\/ChatGPT-Image-Sep-3-2025-06_07_54-PM-150x150.png 150w, https:\/\/cezam.com.pl\/wp-content\/uploads\/2025\/09\/ChatGPT-Image-Sep-3-2025-06_07_54-PM-768x768.png 768w\" sizes=\"auto, (max-width: 1024px) 100vw, 1024px\" \/><\/figure>\n\n\n\n<div class=\"wp-block-group has-global-padding is-layout-constrained wp-block-group-is-layout-constrained\" style=\"margin-top:-12vw\">\n<figure class=\"wp-block-image alignright size-full is-resized\" style=\"margin-right:-5vw;margin-left:-5vw\"><img loading=\"lazy\" decoding=\"async\" width=\"1024\" height=\"1024\" src=\"https:\/\/cezam.com.pl\/wp-content\/uploads\/2025\/09\/ChatGPT-Image-Sep-3-2025-06_04_58-PM.png\" alt=\"\" class=\"wp-image-9\" style=\"width:202px\" srcset=\"https:\/\/cezam.com.pl\/wp-content\/uploads\/2025\/09\/ChatGPT-Image-Sep-3-2025-06_04_58-PM.png 1024w, https:\/\/cezam.com.pl\/wp-content\/uploads\/2025\/09\/ChatGPT-Image-Sep-3-2025-06_04_58-PM-300x300.png 300w, https:\/\/cezam.com.pl\/wp-content\/uploads\/2025\/09\/ChatGPT-Image-Sep-3-2025-06_04_58-PM-150x150.png 150w, https:\/\/cezam.com.pl\/wp-content\/uploads\/2025\/09\/ChatGPT-Image-Sep-3-2025-06_04_58-PM-768x768.png 768w\" sizes=\"auto, (max-width: 1024px) 100vw, 1024px\" \/><\/figure>\n<\/div>\n<\/div>\n\n\n\n<div class=\"wp-block-column is-vertically-aligned-center is-layout-flow wp-block-column-is-layout-flow\" style=\"padding-right:0;padding-left:0;flex-basis:50%\">\n<div class=\"wp-block-group is-vertical is-layout-flex wp-container-core-group-is-layout-fe9cc265 wp-block-group-is-layout-flex\">\n<h2 class=\"wp-block-heading is-style-text-annotation is-style-text-annotation--2\"><strong>O nas<\/strong><\/h2>\n<\/div>\n\n\n\n<p class=\"is-style-text-subtitle is-style-text-subtitle--3\">Nasza firma <strong>od ponad 30 lat<\/strong> dostarcza niezawodne rozwi\u0105zania z zakresu system\u00f3w alarmowych, przeciwpo\u017carowych, radiotelefon\u00f3w oraz instalacji elektrycznych. Dzi\u0119ki wieloletniemu do\u015bwiadczeniu \u0142\u0105czymy sprawdzone technologie z nowoczesnymi rozwi\u0105zaniami, dbaj\u0105c o <strong>bezpiecze\u0144stwo naszych klient\u00f3w<\/strong>. Obs\u0142ugujemy zar\u00f3wno firmy, instytucje, jak i klient\u00f3w indywidualnych, zapewniaj\u0105c <strong>kompleksowy monta\u017c, serwis i doradztwo techniczne<\/strong>. Z nami zyskujesz pewno\u015b\u0107, \u017ce Twoje mienie i otoczenie s\u0105 w najlepszych r\u0119kach.<\/p>\n<\/div>\n<\/div>\n<\/div>\n\n\n\n<div class=\"wp-block-group alignfull is-style-default has-global-padding is-layout-constrained wp-container-core-group-is-layout-0c9c989a wp-block-group-is-layout-constrained has-background\" style=\"min-height:0vh;margin-top:0;margin-bottom:0;padding-top:var(--wp--preset--spacing--70);padding-right:var(--wp--preset--spacing--40);padding-bottom:var(--wp--preset--spacing--70);padding-left:var(--wp--preset--spacing--40);background-image:url(&apos;https:\/\/cezam.com.pl\/wp-content\/uploads\/2025\/09\/ChatGPT-Image-Sep-3-2025-06_19_29-PM-2.png&apos;);background-position:50% 30%;background-size:cover;\">\n<div class=\"wp-block-group has-global-padding is-layout-constrained wp-container-core-group-is-layout-346627ba wp-block-group-is-layout-constrained\">\n<h2 class=\"wp-block-heading has-text-align-center has-xx-large-font-size\" style=\"margin-right:0;margin-left:0;padding-right:0;padding-left:0\">Kompleksowe rozwi\u0105zania<\/h2>\n\n\n\n<p class=\"has-text-align-center\">Zapewniamy rozwi\u0105zania z zakresu system\u00f3w alarmowych, przeciwpo\u017carowych i radiotelefon\u00f3w.<br>\u015awiadczymy r\u00f3wnie\u017c us\u0142ugi elektryczne, dbaj\u0105c o bezpiecze\u0144stwo i niezawodno\u015b\u0107 Twojej firmy oraz domu.<\/p>\n<\/div>\n<\/div>\n\n\n\n<div class=\"wp-block-group alignfull has-global-padding is-layout-constrained wp-container-core-group-is-layout-ebee8dc1 wp-block-group-is-layout-constrained\" style=\"margin-top:0;margin-bottom:0;padding-top:var(--wp--preset--spacing--50);padding-bottom:var(--wp--preset--spacing--50)\">\n<h2 class=\"wp-block-heading alignwide\">Nasze us\u0142ugi<\/h2>\n\n\n\n<div class=\"wp-block-columns alignwide is-layout-flex wp-container-core-columns-is-layout-28f84493 wp-block-columns-is-layout-flex\">\n<div class=\"wp-block-column is-layout-flow wp-block-column-is-layout-flow\">\n<figure class=\"wp-block-image size-full\" style=\"margin-bottom:24px\"><img loading=\"lazy\" decoding=\"async\" width=\"1024\" height=\"1024\" src=\"https:\/\/cezam.com.pl\/wp-content\/uploads\/2025\/09\/ChatGPT-Image-Sep-3-2025-06_29_47-PM.png\" alt=\"\" class=\"wp-image-16\" style=\"aspect-ratio:4\/3;object-fit:cover\" srcset=\"https:\/\/cezam.com.pl\/wp-content\/uploads\/2025\/09\/ChatGPT-Image-Sep-3-2025-06_29_47-PM.png 1024w, https:\/\/cezam.com.pl\/wp-content\/uploads\/2025\/09\/ChatGPT-Image-Sep-3-2025-06_29_47-PM-300x300.png 300w, https:\/\/cezam.com.pl\/wp-content\/uploads\/2025\/09\/ChatGPT-Image-Sep-3-2025-06_29_47-PM-150x150.png 150w\" sizes=\"auto, (max-width: 1024px) 100vw, 1024px\" \/><\/figure>\n\n\n\n<h3 class=\"wp-block-heading has-text-align-center\">Alarmy<\/h3>\n\n\n\n<p class=\"has-text-align-center has-medium-font-size\">Nowoczesne systemy alarmowe zapewniaj\u0105ce pe\u0142ne bezpiecze\u0144stwo.<\/p>\n<\/div>\n\n\n\n<div class=\"wp-block-column is-layout-flow wp-block-column-is-layout-flow\">\n<figure class=\"wp-block-image size-full\" style=\"margin-bottom:24px\"><img loading=\"lazy\" decoding=\"async\" width=\"1024\" height=\"1024\" src=\"https:\/\/cezam.com.pl\/wp-content\/uploads\/2025\/09\/ChatGPT-Image-Sep-3-2025-06_37_51-PM.png\" alt=\"\" class=\"wp-image-18\" style=\"aspect-ratio:4\/3;object-fit:cover\" srcset=\"https:\/\/cezam.com.pl\/wp-content\/uploads\/2025\/09\/ChatGPT-Image-Sep-3-2025-06_37_51-PM.png 1024w, https:\/\/cezam.com.pl\/wp-content\/uploads\/2025\/09\/ChatGPT-Image-Sep-3-2025-06_37_51-PM-300x300.png 300w, https:\/\/cezam.com.pl\/wp-content\/uploads\/2025\/09\/ChatGPT-Image-Sep-3-2025-06_37_51-PM-150x150.png 150w\" sizes=\"auto, (max-width: 1024px) 100vw, 1024px\" \/><\/figure>\n\n\n\n<h3 class=\"wp-block-heading has-text-align-center\">Systemy PPO\u017b<\/h3>\n\n\n\n<p class=\"has-text-align-center has-medium-font-size\">Profesjonalne rozwi\u0105zania przeciwpo\u017carowe dla firm i instytucji.<\/p>\n\n\n\n<p>Firma CEZAM posiada zezwolenie Prezesa Pa\u0144stwowej Agencji Atomistyki na<br>wykonywanie dzia\u0142alno\u015bci o kt\u00f3rej mowa w art.4 ust.1 pkt.4 ustawy Prawo atomowe<br>polegaj\u0105cej na obrocie, instalowaniu oraz obs\u0142udze izotopowych czujek dymu.<\/p>\n<\/div>\n\n\n\n<div class=\"wp-block-column is-layout-flow wp-block-column-is-layout-flow\">\n<figure class=\"wp-block-image size-full\" style=\"margin-bottom:24px\"><img loading=\"lazy\" decoding=\"async\" width=\"1024\" height=\"1024\" src=\"https:\/\/cezam.com.pl\/wp-content\/uploads\/2025\/09\/ChatGPT-Image-Sep-3-2025-06_32_05-PM.png\" alt=\"\" class=\"wp-image-17\" style=\"aspect-ratio:4\/3;object-fit:cover\" srcset=\"https:\/\/cezam.com.pl\/wp-content\/uploads\/2025\/09\/ChatGPT-Image-Sep-3-2025-06_32_05-PM.png 1024w, https:\/\/cezam.com.pl\/wp-content\/uploads\/2025\/09\/ChatGPT-Image-Sep-3-2025-06_32_05-PM-300x300.png 300w, https:\/\/cezam.com.pl\/wp-content\/uploads\/2025\/09\/ChatGPT-Image-Sep-3-2025-06_32_05-PM-150x150.png 150w\" sizes=\"auto, (max-width: 1024px) 100vw, 1024px\" \/><\/figure>\n\n\n\n<h3 class=\"wp-block-heading has-text-align-center\">Radiotelefony<\/h3>\n\n\n\n<p class=\"has-text-align-center has-medium-font-size\">Niezawodna \u0142\u0105czno\u015b\u0107 radiowa w ka\u017cdej sytuacji.<\/p>\n<\/div>\n<\/div>\n<\/div>\n\n\n\n<div class=\"wp-block-group alignfull is-style-default has-global-padding is-layout-constrained wp-container-core-group-is-layout-0c9c989a wp-block-group-is-layout-constrained has-background\" style=\"min-height:0vh;margin-top:0;margin-bottom:0;padding-top:var(--wp--preset--spacing--70);padding-right:var(--wp--preset--spacing--40);padding-bottom:var(--wp--preset--spacing--70);padding-left:var(--wp--preset--spacing--40);background-image:url(&apos;https:\/\/cezam.com.pl\/wp-content\/uploads\/2025\/09\/ChatGPT-Image-Sep-3-2025-06_19_29-PM-2.png&apos;);background-position:50% 30%;background-size:cover;\">\n<div class=\"wp-block-group has-global-padding is-layout-constrained wp-container-core-group-is-layout-346627ba wp-block-group-is-layout-constrained\">\n<p class=\"has-text-align-left\"><em>Zgodnie z obowi\u0105zkiem okre\u015blonym w art. 32c ust. 2 Ustawy z dnia 29 listopada 2000r. Prawo Atomowe, informujemy, \u017ce wykonywana przez nas dzia\u0142alno\u015b\u0107 zwi\u0105zana z nara\u017ceniem, polegaj\u0105ca na instalowaniu i konserwacji urz\u0105dze\u0144 wykorzystuj\u0105cych promieniowanie jonizacyjne \u2013 izotop\u00f3w promieniotw\u00f3rczych, nie ma wp\u0142ywu na zdrowie ludzi i \u015brodowisko i nie powoduje uwalniania substancji promieniotw\u00f3rczych do \u015brodowiska.<\/em><\/p>\n<\/div>\n<\/div>\n\n\n\n<aside class=\"wp-block-group alignfull is-style-section-3 has-background has-global-padding is-layout-constrained wp-container-core-group-is-layout-f0f2a97b wp-block-group-is-layout-constrained is-style-section-3--4\" style=\"background-color:#b0ffb9;margin-top:0;margin-bottom:0;padding-top:var(--wp--preset--spacing--50);padding-right:var(--wp--preset--spacing--50);padding-bottom:var(--wp--preset--spacing--50);padding-left:var(--wp--preset--spacing--50)\">\n<h2 class=\"wp-block-heading has-text-align-center\">Skontaktuj si\u0119 z nami!<\/h2>\n\n\n\n<p class=\"has-text-align-center\">Firma <strong>Cezam<\/strong><\/p>\n\n\n\n<p class=\"has-text-align-center\"><strong>Tel:<\/strong> 602 774 142<\/p>\n\n\n\n<p class=\"has-text-align-center\"><strong>Adres:<\/strong> ul.&nbsp;Traugutta 16, 43-300 Bielsko-Bia\u0142a<\/p>\n<\/aside>\n\n\n\n<p><\/p>\n\n\n\n<p><\/p>\n","protected":false},"excerpt":{"rendered":"<p>od ponad 30 lat. O nas Nasza firma od ponad 30 lat dostarcza niezawodne rozwi\u0105zania z zakresu system\u00f3w alarmowych, przeciwpo\u017carowych, radiotelefon\u00f3w oraz instalacji elektrycznych. Dzi\u0119ki wieloletniemu do\u015bwiadczeniu \u0142\u0105czymy sprawdzone technologie z nowoczesnymi rozwi\u0105zaniami, dbaj\u0105c o bezpiecze\u0144stwo naszych klient\u00f3w. Obs\u0142ugujemy zar\u00f3wno firmy, instytucje, jak i klient\u00f3w indywidualnych, zapewniaj\u0105c kompleksowy monta\u017c, serwis i doradztwo techniczne. Z nami [&hellip;]<\/p>\n","protected":false},"author":1,"featured_media":0,"parent":0,"menu_order":0,"comment_status":"closed","ping_status":"closed","template":"","meta":{"footnotes":""},"class_list":["post-8","page","type-page","status-publish","hentry"],"_links":{"self":[{"href":"https:\/\/cezam.com.pl\/index.php?rest_route=\/wp\/v2\/pages\/8","targetHints":{"allow":["GET"]}}],"collection":[{"href":"https:\/\/cezam.com.pl\/index.php?rest_route=\/wp\/v2\/pages"}],"about":[{"href":"https:\/\/cezam.com.pl\/index.php?rest_route=\/wp\/v2\/types\/page"}],"author":[{"embeddable":true,"href":"https:\/\/cezam.com.pl\/index.php?rest_route=\/wp\/v2\/users\/1"}],"replies":[{"embeddable":true,"href":"https:\/\/cezam.com.pl\/index.php?rest_route=%2Fwp%2Fv2%2Fcomments&post=8"}],"version-history":[{"count":6,"href":"https:\/\/cezam.com.pl\/index.php?rest_route=\/wp\/v2\/pages\/8\/revisions"}],"predecessor-version":[{"id":31,"href":"https:\/\/cezam.com.pl\/index.php?rest_route=\/wp\/v2\/pages\/8\/revisions\/31"}],"wp:attachment":[{"href":"https:\/\/cezam.com.pl\/index.php?rest_route=%2Fwp%2Fv2%2Fmedia&parent=8"}],"curies":[{"name":"wp","href":"https:\/\/api.w.org\/{rel}","templated":true}]}}